{"id":455,"date":"2014-07-07T10:04:32","date_gmt":"2014-07-07T10:04:32","guid":{"rendered":"https:\/\/steinertind.de\/impressum\/"},"modified":"2023-11-10T07:14:33","modified_gmt":"2023-11-10T07:14:33","slug":"impressum","status":"publish","type":"page","link":"https:\/\/steinertind.de\/en\/impressum\/","title":{"rendered":"Impressum"},"content":{"rendered":"<p>Editor<\/p>\n<p>Steinert Industries GmbH<\/p>\n<p>Neutorstr. 12<\/p>\n<p>Steinert Industries GmbH<\/p>\n<p>Neutorstr. 12<\/p>\n<p>89073 Ulm<\/p>\n<p>Phone: 0731 \/ 26507356<\/p>\n<p>Fax: 0731\/ 26502485<\/p>\n<p>eMail: <a href=\"mailto:si_germany@steinertind.de\">si_germany@steinertind.de<\/a><\/p>\n<p>Internet: www.steinertind.de<\/p>\n<p>Magirus-Deutz-Str. 13 89077 Ulm, Deutschland<\/p>\n<p>Managing Director: Vladimir Steinert<\/p>\n<p>Authorized signatory: Sergey Ligay<\/p>\n<p>VAT ID number: DE-205 909 297<\/p>\n<p>Editor and responsible for text and design<\/p>\n<p>in the sense of press law:<\/p>\n<p>Steinert Industries GmbH<\/p>\n<p>Disclaimer:<\/p>\n<p>The information provided on this website has been carefully checked and is regularly updated. However, no liability or guarantee can be assumed that all information is complete, correct and up-to-date at all times. This applies in particular to all links to other websites to which reference is made directly or indirectly. All information can be changed, removed or added without prior notice. Neither the publication nor its content may be modified in any way or distributed or transmitted to third parties without the prior express consent of Steinert Industries GmbH.<\/p>\n<p>89073 Ulm<\/p>\n<p>\u0422\u0435\u043b: 0731 \/ \u00a026507356<\/p>\n<p>\u0424\u0430\u043a\u0441: 0731\/ 26502485<\/p>\n<p>eMail: si_germany@steinertind.de<\/p>\n<p>Internet: www.steinertind.de<\/p>\n<p>Magirus-Deutz-Str. 13 89077 Ulm, Deutschland<\/p>\n<p>Gesch\u00e4ftsf\u00fchrer: Wladimir Steinert<\/p>\n<p>Prokurist: Sergey Ligay<\/p>\n<p>USt-Id.-Nr.: DE-205 909 297<\/p>\n<p>Redaktion und verantwortlich f\u00fcr Text und Gestaltung<\/p>\n<p>im Sinne des Presserechts:<\/p>\n<p>Steinert Industries GmbH<\/p>\n<p>Haftungsausschluss:<\/p>\n<p>Die bereitgestellten Informationen auf dieser Website wurden sorgf\u00e4ltig gepr\u00fcft und werden regelm\u00e4\u00dfig aktualisiert. Jedoch kann keine Haftung oder Garantie daf\u00fcr \u00fcbernommen werden, dass alle Angaben zu jeder Zeit vollst\u00e4ndig, richtig und in letzter Aktualit\u00e4t dargestellt sind. Dies gilt insbesondere f\u00fcr alle Links zu anderen Websites, auf die direkt oder indirekt verwiesen wird. Alle Angaben k\u00f6nnen ohne vorherige Ank\u00fcndigung ge\u00e4ndert, entfernt oder erg\u00e4nzt werden. Weder die Ver\u00f6ffentlichung noch ihr Inhalt d\u00fcrfen ohne die vorherige ausdr\u00fcckliche Genehmigung der Steinert Industries GmbH auf irgendeine Art ver\u00e4ndert oder an Dritte verteilt oder \u00fcbermittelt werden.<\/p>\n","protected":false},"excerpt":{"rendered":"<p>Editor Steinert Industries GmbH Neutorstr. 12 Steinert Industries GmbH Neutorstr. 12 89073 Ulm Phone: 0731 \/ 26507356 Fax: 0731\/ 26502485 eMail: si_germany@steinertind.de Internet: www.steinertind.de Magirus-Deutz-Str. 13 89077 Ulm, Deutschland Managing Director: Vladimir Steinert Authorized signatory: Sergey Ligay VAT ID number: DE-205 909 297 Editor and responsible for text and design in the sense of press [&hellip;]<\/p>\n","protected":false},"author":1,"featured_media":0,"parent":0,"menu_order":0,"comment_status":"open","ping_status":"open","template":"","meta":{"om_disable_all_campaigns":false,"_monsterinsights_skip_tracking":false,"_monsterinsights_sitenote_active":false,"_monsterinsights_sitenote_note":"","_monsterinsights_sitenote_category":0,"_themeisle_gutenberg_block_has_review":false},"acf":[],"aioseo_notices":[],"_links":{"self":[{"href":"https:\/\/steinertind.de\/en\/wp-json\/wp\/v2\/pages\/455"}],"collection":[{"href":"https:\/\/steinertind.de\/en\/wp-json\/wp\/v2\/pages"}],"about":[{"href":"https:\/\/steinertind.de\/en\/wp-json\/wp\/v2\/types\/page"}],"author":[{"embeddable":true,"href":"https:\/\/steinertind.de\/en\/wp-json\/wp\/v2\/users\/1"}],"replies":[{"embeddable":true,"href":"https:\/\/steinertind.de\/en\/wp-json\/wp\/v2\/comments?post=455"}],"version-history":[{"count":4,"href":"https:\/\/steinertind.de\/en\/wp-json\/wp\/v2\/pages\/455\/revisions"}],"predecessor-version":[{"id":573,"href":"https:\/\/steinertind.de\/en\/wp-json\/wp\/v2\/pages\/455\/revisions\/573"}],"wp:attachment":[{"href":"https:\/\/steinertind.de\/en\/wp-json\/wp\/v2\/media?parent=455"}],"curies":[{"name":"wp","href":"https:\/\/api.w.org\/{rel}","templated":true}]}}